{"id":11,"date":"2025-09-03T09:28:48","date_gmt":"2025-09-03T09:28:48","guid":{"rendered":"https:\/\/vijaco-headoffice.com\/?page_id=11"},"modified":"2026-02-12T02:02:42","modified_gmt":"2026-02-12T02:02:42","slug":"contacts","status":"publish","type":"page","link":"https:\/\/vijaco.com.vn\/en\/contacts\/","title":{"rendered":"CONTACT"},"content":{"rendered":"<div class=\"wp-block-columns  cols-single-sm is-layout-flex wp-container-core-columns-is-layout-9d6595d7 wp-block-columns-is-layout-flex\">\n<div class=\"wp-block-column is-layout-flow wp-block-column-is-layout-flow\">\n<div class=\"wp-block-font-awesome-icon aligncenter wp-font-awesome-icon\"><svg aria-hidden=\"true\" focusable=\"false\" data-prefix=\"fas\" data-icon=\"envelope\" class=\"svg-inline--fa fa-envelope fa-bounce\" role=\"img\" xmlns=\"http:\/\/www.w3.org\/2000\/svg\" viewbox=\"0 0 512 512\" style=\"transform-origin:0.5em 0.5em;font-size:3em\" color=\"var(--colorFont)\"><g transform=\"translate(256 256)\"><g transform=\"translate(0, 0)  scale(-1, 1)  rotate(0 0 0)\"><path fill=\"currentColor\" d=\"M48 64c-26.5 0-48 21.5-48 48 0 15.1 7.1 29.3 19.2 38.4l208 156c17.1 12.8 40.5 12.8 57.6 0l208-156c12.1-9.1 19.2-23.3 19.2-38.4 0-26.5-21.5-48-48-48L48 64zM0 196L0 384c0 35.3 28.7 64 64 64l384 0c35.3 0 64-28.7 64-64l0-188-198.4 148.8c-34.1 25.6-81.1 25.6-115.2 0L0 196z\" transform=\"translate(-256 -256)\"><\/path><\/g><\/g><\/svg><\/div>\n\n\n\n<p class=\"has-text-align-center mt-1 has-font-color has-text-color has-link-color wp-elements-ced040593fb396e0139a3583cabf01ac\"><strong><a href=\"mailto:mail@example.com\">support<\/a>@vijaco.com.vn<\/strong><\/p>\n<\/div>\n\n\n\n<div class=\"wp-block-column is-layout-flow wp-block-column-is-layout-flow\">\n<div class=\"wp-block-font-awesome-icon aligncenter wp-font-awesome-icon\"><svg aria-hidden=\"true\" focusable=\"false\" data-prefix=\"fas\" data-icon=\"phone\" class=\"svg-inline--fa fa-phone fa-beat-fade\" role=\"img\" xmlns=\"http:\/\/www.w3.org\/2000\/svg\" viewbox=\"0 0 512 512\" style=\"font-size:3em\" color=\"var(--colorFont)\"><path fill=\"currentColor\" d=\"M160.2 25C152.3 6.1 131.7-3.9 112.1 1.4l-5.5 1.5c-64.6 17.6-119.8 80.2-103.7 156.4 37.1 175 174.8 312.7 349.8 349.8 76.3 16.2 138.8-39.1 156.4-103.7l1.5-5.5c5.4-19.7-4.7-40.3-23.5-48.1l-97.3-40.5c-16.5-6.9-35.6-2.1-47 11.8l-38.6 47.2C233.9 335.4 177.3 277 144.8 205.3L189 169.3c13.9-11.3 18.6-30.4 11.8-47L160.2 25z\"><\/path><\/svg><\/div>\n\n\n\n<p class=\"has-text-align-center mt-1 mb-0 has-font-color has-text-color has-link-color wp-elements-87699d2e85de365eb60cccc4ee344d81\"><strong>(+84)-225-376-5136<\/strong><\/p>\n<\/div>\n\n\n\n<div class=\"wp-block-column is-layout-flow wp-block-column-is-layout-flow\">\n<div class=\"wp-block-font-awesome-icon aligncenter wp-font-awesome-icon\" style=\"display:flex;justify-content:center\"><svg aria-hidden=\"true\" focusable=\"false\" data-prefix=\"fas\" data-icon=\"map-location-dot\" class=\"svg-inline--fa fa-map-location-dot fa-beat-fade\" role=\"img\" xmlns=\"http:\/\/www.w3.org\/2000\/svg\" viewbox=\"0 0 640 512\" style=\"font-size:3em\" color=\"var(--colorFont)\"><path fill=\"currentColor\" d=\"M576 48c0-11.1-5.7-21.4-15.2-27.2s-21.2-6.4-31.1-1.4L413.5 77.5 234.1 17.6c-8.1-2.7-16.8-2.1-24.4 1.7l-128 64C70.8 88.8 64 99.9 64 112l0 352c0 11.1 5.7 21.4 15.2 27.2s21.2 6.4 31.1 1.4l116.1-58.1 173.3 57.8c-4.3-6.4-8.5-13.1-12.6-19.9-11-18.3-21.9-39.3-30-61.8l-101.2-33.7 0-284.5 128 42.7 0 99.3c31-35.8 77-58.4 128-58.4 22.6 0 44.2 4.4 64 12.5L576 48zM512 224c-66.3 0-120 52.8-120 117.9 0 68.9 64.1 150.4 98.6 189.3 11.6 13 31.3 13 42.9 0 34.5-38.9 98.6-120.4 98.6-189.3 0-65.1-53.7-117.9-120-117.9zM472 344a40 40 0 1 1 80 0 40 40 0 1 1 -80 0z\"><\/path><\/svg><\/div>\n\n\n\n<p class=\"has-text-align-center mt-1 mb-0\"><strong>Chua Ve, Ngo Quyen St, Dong Hai Ward, Haiphong City<\/strong><\/p>\n<\/div>\n\n\n\n<div class=\"wp-block-column is-layout-flow wp-block-column-is-layout-flow\">\n<div class=\"wp-block-font-awesome-icon aligncenter wp-font-awesome-icon\" style=\"display:flex;justify-content:center\"><svg aria-hidden=\"true\" focusable=\"false\" data-prefix=\"fas\" data-icon=\"hourglass-half\" class=\"svg-inline--fa fa-hourglass-half fa-beat-fade\" role=\"img\" xmlns=\"http:\/\/www.w3.org\/2000\/svg\" viewbox=\"0 0 384 512\" style=\"font-size:3em\" color=\"var(--colorFont)\"><path fill=\"currentColor\" d=\"M32 0C14.3 0 0 14.3 0 32S14.3 64 32 64l0 11c0 42.4 16.9 83.1 46.9 113.1l67.9 67.9-67.9 67.9C48.9 353.9 32 394.6 32 437l0 11c-17.7 0-32 14.3-32 32s14.3 32 32 32l320 0c17.7 0 32-14.3 32-32s-14.3-32-32-32l0-11c0-42.4-16.9-83.1-46.9-113.1l-67.9-67.9 67.9-67.9c30-30 46.9-70.7 46.9-113.1l0-11c17.7 0 32-14.3 32-32S369.7 0 352 0L32 0zM96 75l0-11 192 0 0 11c0 19-5.6 37.4-16 53L112 128c-10.3-15.6-16-34-16-53zm16 309c3.5-5.3 7.6-10.3 12.1-14.9l67.9-67.9 67.9 67.9c4.6 4.6 8.6 9.6 12.2 14.9L112 384z\"><\/path><\/svg><\/div>\n\n\n\n<p class=\"has-text-align-center mt-1 mb-0\"><strong>Mon - Fri: 8:00AM \u2013 5:30PM<br>Sat: 8:00AM - 12:00PM<\/strong><\/p>\n<\/div>\n<\/div>\n\n\n\n<div style=\"height:5vh\" aria-hidden=\"true\" class=\"wp-block-spacer\"><\/div>\n\n\n\n<table border=\"0\">\n<tbody>\n<tr>\n<td>\n<li class=\"about-us-arc service-arc\"><b>Headquarter<\/b> <br><i style=\"margin-right: 4px\" class=\"fa fa-location-dot\"><\/i><span>Chua Ve, Ngo Quyen St, Dong Hai Ward, Haiphong City<\/span>\n<br><i style=\"margin-right: 4px\" class=\"fa-solid fa-id-badge\"><\/i><span><strong>Ms. Risa Kamata<\/strong><\/span> <br><i style=\"margin-right: 4px\" class=\"fa-solid fa-envelope\"><\/i><span>risa_kamata@vijaco.com.vn<\/span>\n<br><br><span class=\"about-us-arc service-arc\"><b>Business Development Dept.<\/b><\/span>\n  <br><i style=\"margin-right: 4px\" class=\"fa-solid fa-id-badge\"><\/i><span><strong>Mr. Nguyen Truong Giang<\/strong><\/span> <br><i style=\"margin-right: 4px\" class=\"fa-solid fa-envelope\"><\/i><span>truonggiang@vijaco.com.vn<\/span><\/li>\n<\/td>\n<\/tr>\n<tr>\n<td>\n<li class=\"about-us-arc\"><strong>NHIZ Logistics Center<\/strong><br><i style=\"margin-right: 4px\" class=\"fa fa-location-dot\"><\/i>Lot E-3B, E4 Japan-Haiphong Industry Zone, Hong An Ward, Haiphong City<br><i style=\"margin-right: 4px\" class=\"fa-solid fa-id-badge\"><\/i><span><strong>Mr. Nguyen Duy<\/strong><\/span>\n<br><i style=\"margin-right: 4px\" class=\"fa-solid fa-envelope\"><\/i><span>duynguyen@vijaco.com.vn<\/span>\n<\/li>\n<\/td>\n<\/tr>\n<tr>\n<tr>\n<td>\n<li class=\"about-us-arc\"><strong>VIJACO Ho Chi Minh<\/strong> <br><i style=\"margin-right: 4px\" class=\"fa fa-location-dot\"><\/i><span>4th Office, 3A Floor, Saigon View Building, 117 Nguyen Cuu Van St, Gia Dinh Ward, Ho Chi Minh City<\/span> <br><i style=\"margin-right: 4px\" class=\"fa-solid fa-id-badge\"><\/i><span><strong>Mr. Nguyen Tuan Anh<\/strong><\/span> <br><i style=\"margin-right: 4px\" class=\"fa-solid fa-envelope\"><\/i><span>anhnt@vijaco.com.vn<\/span><\/li>\n<\/td>\n<\/tr>\n<td>\n<li class=\"about-us-arc\"><strong>VIJACO Hanoi<\/strong> <br><i style=\"margin-right: 4px\" class=\"fa fa-location-dot\"><\/i>P.1102 Ocean Park Building, 1st Dao Duy Anh St, Kim Lien Ward, Hanoi\n<br><i style=\"margin-right: 4px\" class=\"fa-solid fa-id-badge\"><\/i><span><strong>Mr. Nguyen Ngoc Phi Hung<\/strong><\/span>\n<br><i style=\"margin-right: 4px\" class=\"fa-solid fa-envelope\"><\/i><span>hungnnp@vijaco.com.vn<\/span>\n<\/li>\n<\/td>\n<\/tr>\n<tr>\n<td>\n<li class=\"about-us-arc\"><strong>VIJACO Vinh Phuc<\/strong> <br><i style=\"margin-right: 4px\" class=\"fa fa-location-dot\"><\/i><span>3rd Floor Kioland, Dong Son Urban Area, Mai Hac De St, Phuc Yen Ward, Phu Tho<\/span>\n<br><i style=\"margin-right: 4px\" class=\"fa-solid fa-id-badge\"><\/i><span><strong>Mr. Le Ba Cuong<\/strong><\/span>\n<br><i style=\"margin-right: 4px\" class=\"fa-solid fa-envelope\"><\/i><span>cuonglb@vijaco.com.vn<\/span>\n<\/td>\n<\/tr>\n<\/tbody>\n<\/table>\n\n\n\n<div class=\"wp-block-columns are-vertically-aligned-center contact-banner has-light-background-color has-background is-layout-flex wp-container-core-columns-is-layout-9d6595d7 wp-block-columns-is-layout-flex\">\n<div class=\"wp-block-column is-vertically-aligned-center contact-banner-1 is-layout-flow wp-block-column-is-layout-flow\" style=\"flex-basis:40%\">\n<div style=\"height:45px\" aria-hidden=\"true\" class=\"wp-block-spacer\"><\/div>\n\n\n<p><iframe src=\"https:\/\/www.google.com\/maps\/embed?pb=!1m18!1m12!1m3!1d14330.109291626863!2d106.71167029629788!3d20.86566013377538!2m3!1f0!2f0!3f0!3m2!1i1024!2i768!4f13.1!3m3!1m2!1s0x314a7b3242ab2a47%3A0x6640aca7f0fa7b28!2sVIETNAM%20-%20JAPAN%20INTERNATIONAL%20TRANSPORT%20CO.%2CLTD!5e1!3m2!1svi!2s!4v1763109734641!5m2!1svi!2s\" width=\"100%\" height=\"470\" style=\"border:0;\" allowfullscreen=\"\" loading=\"lazy\" referrerpolicy=\"no-referrer-when-downgrade\"><\/iframe><\/p>\n<\/div>\n\n\n\n<div class=\"wp-block-column is-vertically-aligned-center contact-banner-2 is-layout-flow wp-block-column-is-layout-flow\" style=\"flex-basis:60%\"><div class=\"frm_forms  with_frm_style frm_style_formidable-style\" id=\"frm_form_2_container\" data-token=\"e4e7708b247f5b4972028f0a891f1bd6\">\n<form enctype=\"multipart\/form-data\" method=\"post\" class=\"frm-show-form\" id=\"form_contact-us\" data-token=\"e4e7708b247f5b4972028f0a891f1bd6\" action=\"\">\n<div class=\"frm_form_fields\">\n<fieldset>\n<legend class=\"frm_screen_reader\">Contact<\/legend>\r\n\r\n<div class=\"frm_fields_container\">\n<input type=\"hidden\" name=\"frm_action\" value=\"create\" \/>\n<input type=\"hidden\" name=\"form_id\" value=\"2\" \/>\n<input type=\"hidden\" name=\"frm_hide_fields_2\" id=\"frm_hide_fields_2\" value=\"\" \/>\n<input type=\"hidden\" name=\"form_key\" value=\"contact-us\" \/>\n<input type=\"hidden\" name=\"item_meta[0]\" value=\"\" \/>\n<input type=\"hidden\" id=\"frm_submit_entry_2\" name=\"frm_submit_entry_2\" value=\"eb5bcfb00a\" \/><input type=\"hidden\" name=\"_wp_http_referer\" value=\"\/en\/wp-json\/wp\/v2\/pages\/11\" \/><div id=\"frm_field_6_container\" class=\"frm_form_field form-field  frm_required_field frm_top_container frm_first frm_half\">\r\n    <label for=\"field_qh4icy2\" class=\"frm_primary_label\">Name\r\n        <span class=\"frm_required\">*<\/span>\r\n    <\/label>\r\n    <input type=\"text\" id=\"field_qh4icy2\" name=\"item_meta[6]\" value=\"\"  placeholder=\"Enter name\" data-reqmsg=\"T\u00ean kh\u00f4ng \u0111\u1ec3 tr\u1ed1ng\" aria-required=\"true\" data-invmsg=\"T\u00ean is invalid\" aria-invalid=\"false\"   aria-describedby=\"frm_desc_field_qh4icy2\"\/>\r\n    <div class=\"frm_description\" id=\"frm_desc_field_qh4icy2\">Name<\/div>\r\n    \r\n<\/div>\n<div id=\"frm_field_7_container\" class=\"frm_form_field form-field  frm_required_field frm_hidden_container frm_half\">\r\n    <label for=\"field_ocfup12\" class=\"frm_primary_label\">They are the buffers.\r\n        <span class=\"frm_required\">*<\/span>\r\n    <\/label>\r\n    <input type=\"text\" id=\"field_ocfup12\" name=\"item_meta[7]\" value=\"\"  placeholder=\"Enter middle name\" data-reqmsg=\"H\u1ecd \u0111\u1ec7m kh\u00f4ng \u0111\u1ec3 tr\u1ed1ng\" aria-required=\"true\" data-invmsg=\"H\u1ecd \u0111\u1ec7m is invalid\" aria-invalid=\"false\"   aria-describedby=\"frm_desc_field_ocfup12\"\/>\r\n    <div class=\"frm_description\" id=\"frm_desc_field_ocfup12\">They are the buffers.<\/div>\r\n    \r\n<\/div>\n<div id=\"frm_field_8_container\" class=\"frm_form_field form-field  frm_required_field frm_top_container frm_full\">\r\n    <label for=\"field_29yf4d2\" class=\"frm_primary_label\">E-mail\r\n        <span class=\"frm_required\">*<\/span>\r\n    <\/label>\r\n    <input type=\"email\" id=\"field_29yf4d2\" name=\"item_meta[8]\" value=\"\"  placeholder=\"Enter email\" data-reqmsg=\"Kh\u00f4ng \u0111\u01b0\u1ee3c \u0111\u1ec3 tr\u1ed1ng\" aria-required=\"true\" data-invmsg=\"Email kh\u00f4ng \u0111\u00fang \u0111\u1ecbnh d\u1ea1ng. Vui l\u00f2ng th\u1eed l\u1ea1i.\" aria-invalid=\"false\"  \/>\r\n    \r\n    \r\n<\/div>\n<div id=\"frm_field_9_container\" class=\"frm_form_field form-field  frm_required_field frm_top_container frm_full\">\r\n    <label for=\"field_e6lis62\" class=\"frm_primary_label\">Topic\r\n        <span class=\"frm_required\">*<\/span>\r\n    <\/label>\r\n    <input type=\"text\" id=\"field_e6lis62\" name=\"item_meta[9]\" value=\"\"  placeholder=\"Enter your question\" data-reqmsg=\"Kh\u00f4ng \u0111\u01b0\u1ee3c \u0111\u1ec3 tr\u1ed1ng\" aria-required=\"true\" data-invmsg=\"Ch\u1ee7 \u0111\u1ec1 is invalid\" aria-invalid=\"false\"  \/>\r\n    \r\n    \r\n<\/div>\n<div id=\"frm_field_10_container\" class=\"frm_form_field form-field  frm_top_container frm_full\">\r\n    <label for=\"field_9jv0r12\" class=\"frm_primary_label\">Content\r\n        <span class=\"frm_required\"><\/span>\r\n    <\/label>\r\n    <textarea name=\"item_meta[10]\" id=\"field_9jv0r12\" rows=\"5\"  placeholder=\"Enter content (optional)\" data-invmsg=\"N\u1ed9i dung is invalid\" aria-invalid=\"false\"  ><\/textarea>\r\n    \r\n    \r\n<\/div>\n<div id=\"frm_field_11_container\" class=\"frm_form_field form-field\">\r\n\t<div class=\"frm_submit\">\r\n\r\n<button class=\"frm_button_submit\" type=\"submit\" >Send<\/button>\r\n\r\n<\/div>\r\n<\/div>\n\t<input type=\"hidden\" name=\"item_key\" value=\"\" \/>\n\t\t\t<div id=\"frm_field_20_container\">\n\t\t\t<label for=\"field_nhen6\" >\n\t\t\t\tIf you are human, leave this field blank.\t\t\t<\/label>\n\t\t\t<input  id=\"field_nhen6\" type=\"text\" class=\"frm_form_field form-field frm_verify\" name=\"item_meta[20]\" value=\"\"  \/>\n\t\t<\/div>\n\t\t<input name=\"frm_state\" type=\"hidden\" value=\"JHTedfvdjYJ4XRfUsHVmNN6tfLuxsV031txhi2eeb9g=\" \/><\/div>\n<\/fieldset>\n<\/div>\n\n<p style=\"display: none !important;\" class=\"akismet-fields-container\" data-prefix=\"ak_\"><label>&#916;<textarea name=\"ak_hp_textarea\" cols=\"45\" rows=\"8\" maxlength=\"100\"><\/textarea><\/label><input type=\"hidden\" id=\"ak_js_1\" name=\"ak_js\" value=\"247\"\/><script>document.getElementById( \"ak_js_1\" ).setAttribute( \"value\", ( new Date() ).getTime() );<\/script><\/p><input type=\"hidden\" name=\"trp-form-language\" value=\"en\"\/><\/form>\n<\/div>\n\n<\/div>\n<\/div>","protected":false},"excerpt":{"rendered":"<p>support@vijaco.com.vn (+84)-225-376-5136 Ch\u00f9a V\u1ebd, \u0111\u01b0\u1eddng Ng\u00f4 Quy\u1ec1n, ph\u01b0\u1eddng \u0110\u00f4ng H\u1ea3i, H\u1ea3i Ph\u00f2ng Th\u1ee9 2 &#8211; Th\u1ee9 6: 8:00AM &#8211; 5:30PMTh\u1ee9<span class=\"more-dots\">&#8230;<\/span><\/p>","protected":false},"author":1,"featured_media":0,"parent":0,"menu_order":0,"comment_status":"closed","ping_status":"closed","template":"","meta":{"footnotes":""},"class_list":["post-11","page","type-page","status-publish","hentry","no-post-thumbnail"],"_hostinger_reach_plugin_has_subscription_block":false,"_hostinger_reach_plugin_is_elementor":false,"_links":{"self":[{"href":"https:\/\/vijaco.com.vn\/en\/wp-json\/wp\/v2\/pages\/11","targetHints":{"allow":["GET"]}}],"collection":[{"href":"https:\/\/vijaco.com.vn\/en\/wp-json\/wp\/v2\/pages"}],"about":[{"href":"https:\/\/vijaco.com.vn\/en\/wp-json\/wp\/v2\/types\/page"}],"author":[{"embeddable":true,"href":"https:\/\/vijaco.com.vn\/en\/wp-json\/wp\/v2\/users\/1"}],"replies":[{"embeddable":true,"href":"https:\/\/vijaco.com.vn\/en\/wp-json\/wp\/v2\/comments?post=11"}],"version-history":[{"count":47,"href":"https:\/\/vijaco.com.vn\/en\/wp-json\/wp\/v2\/pages\/11\/revisions"}],"predecessor-version":[{"id":3165,"href":"https:\/\/vijaco.com.vn\/en\/wp-json\/wp\/v2\/pages\/11\/revisions\/3165"}],"wp:attachment":[{"href":"https:\/\/vijaco.com.vn\/en\/wp-json\/wp\/v2\/media?parent=11"}],"curies":[{"name":"wp","href":"https:\/\/api.w.org\/{rel}","templated":true}]}}